{"id":71,"date":"2024-10-31T13:33:39","date_gmt":"2024-10-31T13:33:39","guid":{"rendered":"https:\/\/wordpress.elia.eus\/index.php\/aplicamos-el-conocimiento-avanzado-en-la-sociedad-vasca\/"},"modified":"2025-04-10T09:41:11","modified_gmt":"2025-04-10T09:41:11","slug":"aplicamos-el-conocimiento-avanzado-en-la-sociedad-vasca","status":"publish","type":"page","link":"https:\/\/wordpress.elia.eus\/index.php\/aplicamos-el-conocimiento-avanzado-en-la-sociedad-vasca\/?lang=es","title":{"rendered":"Aplicamos el conocimiento avanzado en la sociedad vasca"},"content":{"rendered":"\n<div class=\"wp-block-group alignfull has-base-background-color has-background has-global-padding is-layout-constrained wp-container-core-group-is-layout-d89aad35 wp-block-group-is-layout-constrained\" style=\"margin-top:0;margin-bottom:0;padding-top:var(--wp--preset--spacing--50);padding-right:var(--wp--preset--spacing--50);padding-bottom:var(--wp--preset--spacing--50);padding-left:var(--wp--preset--spacing--50)\">\n<div class=\"wp-block-columns alignwide is-layout-flex wp-container-core-columns-is-layout-549b0c86 wp-block-columns-is-layout-flex\">\n<div class=\"wp-block-column is-layout-flow wp-container-core-column-is-layout-119bc444 wp-block-column-is-layout-flow\" style=\"flex-basis:60%\">\n<p class=\"has-heading-font-family has-x-large-font-size\" style=\"line-height:1.2\">Elhuyar, IKERLAN y MasOrange se unen a la C\u00e1tedra de Inteligencia Artificial y Tecnolog\u00eda del Lenguaje de la UPV\/EHU<br\/><\/p>\n\n\n\n<div class=\"wp-block-columns is-layout-flex wp-container-core-columns-is-layout-87beb0d0 wp-block-columns-is-layout-flex\">\n<div class=\"wp-block-column is-layout-flow wp-block-column-is-layout-flow\">\n<p class=\"wp-container-content-9cfa9a5a\">Recientemente, la Fundaci\u00f3n Elhuyar, el centro tecnol\u00f3gico IKERLAN y la empresa MasOrange se han adherido a la C\u00e1tedra de Inteligencia Artificial y Tecnolog\u00eda del Lenguaje de la Universidad del Pa\u00eds Vasco\/Euskal Herriko Unibertsitatea. <br\/><\/p>\n<\/div>\n\n\n\n<div class=\"wp-block-column is-layout-flow wp-block-column-is-layout-flow\">\n<p>Recientemente, la Fundaci\u00f3n Elhuyar, el centro tecnol\u00f3gico IKERLAN y la empresa MasOrange se han adherido a la C\u00e1tedra de Inteligencia Artificial y Tecnolog\u00eda del Lenguaje de la Universidad del Pa\u00eds Vasco\/Euskal Herriko Unibertsitatea. <br\/><\/p>\n<\/div>\n<\/div>\n<\/div>\n<\/div>\n<\/div>\n\n<div class=\"wp-block-group alignfull has-accent-2-background-color has-background has-global-padding is-layout-constrained wp-container-core-group-is-layout-669513ed wp-block-group-is-layout-constrained\" style=\"margin-top:0;margin-bottom:0;padding-top:var(--wp--preset--spacing--50);padding-right:var(--wp--preset--spacing--50);padding-bottom:var(--wp--preset--spacing--50);padding-left:var(--wp--preset--spacing--50)\">\n<div class=\"wp-block-columns alignwide is-layout-flex wp-container-core-columns-is-layout-28f84493 wp-block-columns-is-layout-flex\">\n<div class=\"wp-block-column is-layout-flow wp-block-column-is-layout-flow\" style=\"flex-basis:40%\">\n<p class=\"wp-container-content-0733e5d0\">Art Gallery \u2014 Overview<\/p>\n<\/div>\n\n\n\n<div class=\"wp-block-column is-layout-flow wp-block-column-is-layout-flow\" style=\"flex-basis:60%\">\n<p class=\"has-heading-font-family has-x-large-font-size\" style=\"line-height:1.2\">Trabajamos para desarrollar la sociedad vasca, desde el euskera, abierta al mundo<\/p>\n<\/div>\n<\/div>\n\n\n\n<div style=\"height:var(--wp--preset--spacing--40)\" aria-hidden=\"true\" class=\"wp-block-spacer\"><\/div>\n\n\n\n<figure class=\"wp-block-image alignwide size-full is-style-rounded is-style-rounded--1\"><img loading=\"lazy\" decoding=\"async\" width=\"800\" height=\"500\" src=\"https:\/\/wordpress.elia.eus\/wp-content\/uploads\/2024\/10\/TTTWEBGUNEKO-IRUDIAK-3.png\" alt=\"\" class=\"wp-image-43\" srcset=\"https:\/\/wordpress.elia.eus\/wp-content\/uploads\/2024\/10\/TTTWEBGUNEKO-IRUDIAK-3.png 800w, https:\/\/wordpress.elia.eus\/wp-content\/uploads\/2024\/10\/TTTWEBGUNEKO-IRUDIAK-3-300x188.png 300w, https:\/\/wordpress.elia.eus\/wp-content\/uploads\/2024\/10\/TTTWEBGUNEKO-IRUDIAK-3-768x480.png 768w\" sizes=\"auto, (max-width: 800px) 100vw, 800px\" \/><\/figure>\n<\/div>\n\n<div class=\"wp-block-cover alignfull is-light has-parallax\" style=\"padding-top:var(--wp--preset--spacing--50);padding-right:var(--wp--preset--spacing--50);padding-bottom:var(--wp--preset--spacing--50);padding-left:var(--wp--preset--spacing--50);min-height:100vh;aspect-ratio:unset;\"><span aria-hidden=\"true\" class=\"wp-block-cover__background has-base-background-color has-background-dim-0 has-background-dim\"><\/span><div class=\"wp-block-cover__image-background has-parallax\" style=\"background-position:50% 50%;background-image:url(https:\/\/wordpress.elia.eus\/wp-content\/themes\/twentytwentyfour\/assets\/images\/art-gallery.webp)\"><\/div><div class=\"wp-block-cover__inner-container has-global-padding is-layout-constrained wp-container-core-cover-is-layout-e4fd886c wp-block-cover-is-layout-constrained\">\n<div style=\"height:500px\" aria-hidden=\"true\" class=\"wp-block-spacer\"><\/div>\n<\/div><\/div>\n\n<div class=\"wp-block-group alignfull has-base-2-background-color has-background has-global-padding is-layout-constrained wp-container-core-group-is-layout-7cd14b77 wp-block-group-is-layout-constrained\" style=\"margin-top:0;margin-bottom:0;padding-top:var(--wp--preset--spacing--60);padding-right:var(--wp--preset--spacing--60);padding-bottom:var(--wp--preset--spacing--60);padding-left:var(--wp--preset--spacing--60)\">\n<div class=\"wp-block-group alignwide is-layout-flow wp-block-group-is-layout-flow\">\n<div style=\"height:var(--wp--preset--spacing--50)\" aria-hidden=\"true\" class=\"wp-block-spacer\"><\/div>\n\n\n\n<p class=\"has-text-align-center has-heading-font-family has-x-large-font-size\" style=\"font-style:normal;font-weight:400;line-height:1.2\">\u201cLa C\u00e1tedra permite que IKERLAN transmita a la sociedad nuestro conocimiento tecnol\u00f3gico sobre Inteligencia Artificial (IA) y podamos seguir fortaleciendo nuestra labor de investigaci\u00f3n en favor de la AA aplicada\u201d, ha se\u00f1alado Josu Bilbao, director de Tecnolog\u00edas Digitales y AA de IKERLAN. En palabras de Aitzol Astigarraga Pagoaga, coordinador del centro NLP Orai, \u201cpara Elhuyar es muy importante formar parte de la c\u00e1tedra a trav\u00e9s de su centro de inteligencia artificial, Orai NLP, para seguir investigando sobre las tecnolog\u00edas del lenguaje y adaptar las soluciones a las necesidades del mercado\u201d. La directora de Talento de MasOrange, Elisa Per\u00e1n, ha destacado que \u201cla C\u00e1tedra nos ofrece un marco ideal para trabajar directamente con el alumnado y as\u00ed aplicar las tecnolog\u00edas de la AA y del lenguaje a los problemas reales\u201d.<\/p>\n\n\n\n<div style=\"height:var(--wp--preset--spacing--50)\" aria-hidden=\"true\" class=\"wp-block-spacer\"><\/div>\n<\/div>\n<\/div>\n\n<div class=\"wp-block-group alignfull has-base-2-color has-contrast-background-color has-text-color has-background has-link-color wp-elements-bc16a282856f58b1c4fa2df2ee6f483b has-global-padding is-layout-constrained wp-container-core-group-is-layout-facafb6f wp-block-group-is-layout-constrained\" style=\"margin-top:0;margin-bottom:0;padding-top:var(--wp--preset--spacing--50);padding-right:var(--wp--preset--spacing--50);padding-bottom:var(--wp--preset--spacing--50);padding-left:var(--wp--preset--spacing--50)\">\n<div class=\"wp-block-columns alignwide is-layout-flex wp-container-core-columns-is-layout-d1c656ed wp-block-columns-is-layout-flex\">\n<div class=\"wp-block-column is-vertically-aligned-stretch is-layout-flow wp-block-column-is-layout-flow\" style=\"padding-right:0;flex-basis:60%\">\n<div class=\"wp-block-group is-vertical is-content-justification-stretch is-layout-flex wp-container-core-group-is-layout-ae24f51d wp-block-group-is-layout-flex\" style=\"min-height:100%\">\n<figure class=\"wp-block-image size-large is-style-rounded is-style-rounded--2\"><img decoding=\"async\" src=\"https:\/\/wordpress.elia.eus\/wp-content\/themes\/twentytwentyfour\/assets\/images\/angular-roof.webp\" alt=\"An empty staircase under an angular roof in Darling Harbour, Sydney, Australia\" style=\"aspect-ratio:9\/16;object-fit:cover\"\/><\/figure>\n\n\n\n<p class=\"has-medium-font-size\">Somos una entidad privada sin \u00e1nimo de lucro. Nacimos en 1972 con la intenci\u00f3n de aunar ciencia y euskera. Los primeros pasos los hicimos como asociaci\u00f3n cultural y en 2002 nos convertimos en fundaci\u00f3n. Adem\u00e1s de la Fundaci\u00f3n, el grupo Elhuyar est\u00e1 formado por las empresas Zubize SLU y Eleka Ingeniaritza Linguistikoa SL.<br\/><\/p>\n<\/div>\n<\/div>\n\n\n\n<div class=\"wp-block-column is-layout-flow wp-block-column-is-layout-flow\" style=\"flex-basis:40%\">\n<div class=\"wp-block-group has-global-padding is-layout-constrained wp-block-group-is-layout-constrained\">\n<p class=\"has-large-font-size\" style=\"font-style:normal;font-weight:500;line-height:1.2\">La C\u00e1tedra de Inteligencia Artificial y Tecnolog\u00eda Ling\u00fc\u00edstica de la UPV\/EHU se enmarca dentro de la Estrategia Nacional de Inteligencia Artificial (ENIA), que a su vez forma parte de la agenda Espa\u00f1a Digital 2026. La C\u00e1tedra HiTZ fue seleccionada por el Ministerio para la Transformaci\u00f3n Digital en la convocatoria para la financiaci\u00f3n de c\u00e1tedras universitarias dedicadas a la investigaci\u00f3n, divulgaci\u00f3n, ense\u00f1anza e innovaci\u00f3n en Inteligencia Artificial. De las 21 c\u00e1tedras seleccionadas por el Ministerio, es la \u00fanica dedicada a la tecnolog\u00eda ling\u00fc\u00edstica y la \u00fanica que se desarrollar\u00e1 en el Pa\u00eds Vasco. En la C\u00e1tedra participan investigadores de cuatro grupos de trabajo sobre la IA de la Facultad de Inform\u00e1tica de la UPV\/EHU (entre los que destaca el Centro Vasco de Tecnolog\u00eda Ling\u00fc\u00edstica HiTZ) y la empresa Avature, pionera en el campo de la tecnolog\u00eda de adquisici\u00f3n y gesti\u00f3n del talento. Adem\u00e1s, la c\u00e1tedra pretende fomentar la colaboraci\u00f3n p\u00fablico-privada en el \u00e1mbito de la IA aplicada a la tecnolog\u00eda ling\u00fc\u00edstica. <\/p>\n\n\n\n<div style=\"height:var(--wp--preset--spacing--40)\" aria-hidden=\"true\" class=\"wp-block-spacer\"><\/div>\n\n\n\n<div class=\"wp-block-group is-layout-flow wp-block-group-is-layout-flow\">\n<p class=\"has-medium-font-size\">\u201cUna de las caracter\u00edsticas esenciales de la inteligencia es la capacidad de comunicarse a trav\u00e9s del lenguaje natural. La tecnolog\u00eda ling\u00fc\u00edstica es un campo de la Inteligencia Artificial que desarrolla, sobre todo, algoritmos y sistemas que pueden comprender e interpretar el lenguaje humano. Este campo est\u00e1 generando una revoluci\u00f3n dentro de la IA con aplicaciones que est\u00e1n cambiando la sociedad: traducci\u00f3n autom\u00e1tica, sistemas de di\u00e1logo por voz o sistemas creativos como ChatGPT o Gemini. La C\u00e1tedra de Inteligencia Artificial y Tecnolog\u00eda Ling\u00fc\u00edstica HiTZ cuenta con un ambicioso programa para reforzar el liderazgo de la Universidad del Pa\u00eds Vasco en esta tecnolog\u00eda, incrementar las capacidades de las empresas asociadas en el \u00e1mbito de la IA y posicionar al pa\u00eds en la vanguardia tecnol\u00f3gica\u201d, ha destacado Aitor Soroa, director de la c\u00e1tedra.<br\/><\/p>\n\n\n\n<figure class=\"wp-block-image size-large is-style-rounded is-style-rounded--3\"><img loading=\"lazy\" decoding=\"async\" width=\"1024\" height=\"435\" src=\"https:\/\/wordpress.elia.eus\/wp-content\/uploads\/2024\/10\/nor_gara_taldea-1-1024x435.jpg\" alt=\"\" class=\"wp-image-49\" style=\"aspect-ratio:9\/16;object-fit:cover\" srcset=\"https:\/\/wordpress.elia.eus\/wp-content\/uploads\/2024\/10\/nor_gara_taldea-1-1024x435.jpg 1024w, https:\/\/wordpress.elia.eus\/wp-content\/uploads\/2024\/10\/nor_gara_taldea-1-300x127.jpg 300w, https:\/\/wordpress.elia.eus\/wp-content\/uploads\/2024\/10\/nor_gara_taldea-1-768x326.jpg 768w, https:\/\/wordpress.elia.eus\/wp-content\/uploads\/2024\/10\/nor_gara_taldea-1-1536x652.jpg 1536w, https:\/\/wordpress.elia.eus\/wp-content\/uploads\/2024\/10\/nor_gara_taldea-1.jpg 1600w\" sizes=\"auto, (max-width: 1024px) 100vw, 1024px\" \/><\/figure>\n<\/div>\n<\/div>\n<\/div>\n<\/div>\n<\/div>\n","protected":false},"excerpt":{"rendered":"<p>Elhuyar, IKERLAN y MasOrange se unen a la C\u00e1tedra de Inteligencia Artificial y Tecnolog\u00eda del Lenguaje de la UPV\/EHU Recientemente, la Fundaci\u00f3n Elhuyar, el centro tecnol\u00f3gico IKERLAN y la empresa MasOrange se han adherido a la C\u00e1tedra de Inteligencia Artificial y Tecnolog\u00eda del Lenguaje de la Universidad del Pa\u00eds Vasco\/Euskal Herriko Unibertsitatea. Recientemente, la Fundaci\u00f3n [&hellip;]<\/p>\n","protected":false},"author":2,"featured_media":0,"parent":0,"menu_order":0,"comment_status":"closed","ping_status":"closed","template":"","meta":{"footnotes":""},"class_list":["post-71","page","type-page","status-publish","hentry"],"_links":{"self":[{"href":"https:\/\/wordpress.elia.eus\/index.php\/wp-json\/wp\/v2\/pages\/71","targetHints":{"allow":["GET"]}}],"collection":[{"href":"https:\/\/wordpress.elia.eus\/index.php\/wp-json\/wp\/v2\/pages"}],"about":[{"href":"https:\/\/wordpress.elia.eus\/index.php\/wp-json\/wp\/v2\/types\/page"}],"author":[{"embeddable":true,"href":"https:\/\/wordpress.elia.eus\/index.php\/wp-json\/wp\/v2\/users\/2"}],"replies":[{"embeddable":true,"href":"https:\/\/wordpress.elia.eus\/index.php\/wp-json\/wp\/v2\/comments?post=71"}],"version-history":[{"count":6,"href":"https:\/\/wordpress.elia.eus\/index.php\/wp-json\/wp\/v2\/pages\/71\/revisions"}],"predecessor-version":[{"id":104,"href":"https:\/\/wordpress.elia.eus\/index.php\/wp-json\/wp\/v2\/pages\/71\/revisions\/104"}],"wp:attachment":[{"href":"https:\/\/wordpress.elia.eus\/index.php\/wp-json\/wp\/v2\/media?parent=71"}],"curies":[{"name":"wp","href":"https:\/\/api.w.org\/{rel}","templated":true}]}}